{"id":190,"date":"2025-06-21T17:07:14","date_gmt":"2025-06-21T17:07:14","guid":{"rendered":"https:\/\/rebuild.dealsourceafrica.co\/?page_id=190"},"modified":"2025-06-21T17:08:32","modified_gmt":"2025-06-21T17:08:32","slug":"terms-of-service","status":"publish","type":"page","link":"https:\/\/staging.dealsourceafrica.co\/fr\/terms-of-service\/","title":{"rendered":"Conditions d\u2019utilisation"},"content":{"rendered":"<div data-elementor-type=\"wp-page\" data-elementor-id=\"190\" class=\"elementor elementor-190\" data-elementor-post-type=\"page\">\n\t\t\t\t<div class=\"has_ae_slider elementor-element elementor-element-3e18d9a e-flex e-con-boxed ae-bg-gallery-type-default e-con e-parent\" data-id=\"3e18d9a\" data-element_type=\"container\" data-settings=\"{&quot;background_background&quot;:&quot;classic&quot;}\">\n\t\t\t\t\t<div class=\"e-con-inner\">\n\t\t\t\t<div class=\"elementor-element elementor-element-2acf5bc elementor-widget elementor-widget-heading\" data-id=\"2acf5bc\" data-element_type=\"widget\" data-widget_type=\"heading.default\">\n\t\t\t\t<div class=\"elementor-widget-container\">\n\t\t\t\t\t<h2 class=\"elementor-heading-title elementor-size-default\">Conditions d\u2019utilisation<\/h2>\t\t\t\t<\/div>\n\t\t\t\t<\/div>\n\t\t\t\t<div class=\"elementor-element elementor-element-402763c elementor-widget elementor-widget-text-editor\" data-id=\"402763c\" data-element_type=\"widget\" data-widget_type=\"text-editor.default\">\n\t\t\t\t<div class=\"elementor-widget-container\">\n\t\t\t\t\t\t\t\t\t<p class=\"has-black-color has-text-color\"><strong>INTRODUCTION<\/strong><\/p><ol class=\"has-black-color has-text-color wp-block-list\" type=\"1\"><li>Les pr\u00e9sentes conditions g\u00e9n\u00e9rales s\u2019appliquent \u00e0 l\u2019utilisation de Deal Source Africa. Veuillez lire attentivement ces conditions avant d\u2019utiliser ce site web. En utilisant ou en acc\u00e9dant \u00e0 ce site (<a href=\"https:\/\/staging.dealsourceafrica.co\/fr\/\">https:\/\/staging.dealsourceafrica.co\/<\/a>ou aux informations qu\u2019il contient, vous acceptez les conditions g\u00e9n\u00e9rales \u00e9nonc\u00e9es ci-dessous. Si vous n\u2019acceptez pas ces conditions, veuillez ne pas utiliser ce site.<\/li><li>The deal source est une plateforme num\u00e9rique qui permet aux fonds d\u2019impact et aux investisseurs providentiels d\u2019entrer en contact avec des entreprises viables ayant besoin d\u2019un financement. Fond\u00e9 en 2022 par Impact Investing Ghana, le conseil consultatif national pour l\u2019investissement d\u2019impact au Ghana, il a pour objectif de faciliter l\u2019acc\u00e8s des investisseurs et des entreprises \u00e0 la recherche d\u2019op\u00e9rations et de financements.<\/li><li>Nous vous conseillons de lire attentivement les pr\u00e9sentes conditions g\u00e9n\u00e9rales afin de conna\u00eetre vos droits et obligations lorsque vous utilisez Dealsourceafrica.co.<\/li><\/ol><p class=\"has-black-color has-text-color\"><strong>G\u00c9N\u00c9RALIT\u00c9S<\/strong><\/p><ol class=\"has-black-color has-text-color wp-block-list\" type=\"1\"><li>Dealsourceafrica.co a d\u00e9velopp\u00e9 un site web qui est une plateforme num\u00e9rique pour les fonds d\u2019impact, les investisseurs providentiels et les entreprises. Le service de Dealsourceafrica.co consiste \u00e0 rendre les informations des entreprises et des investisseurs accessibles \u00e0 travers le Site Internet sous forme de Contenu en tant que Service sous le nom de Dealsourceafrica.co (ci-apr\u00e8s \u00ab\u2009Dealsourceafrica.co\u2009\u00bb). Vous obtenez l\u2019acc\u00e8s \u00e0 Dealsourceafrica.co par le biais de votre compte (ci-apr\u00e8s \u00ab\u2009compte\u2009\u00bb).<\/li><li>Si vous respectez int\u00e9gralement les pr\u00e9sentes conditions d\u2019utilisation, Dealsourceafrica.co vous accordera un droit limit\u00e9, personnel, r\u00e9vocable, non exclusif et non transf\u00e9rable d\u2019utiliser Dealsourceafrica.co.<\/li><li>Dealsourceafrica.co peut, \u00e0 tout moment, modifier ou compl\u00e9ter les pr\u00e9sentes conditions d\u2019utilisation. Les conditions d\u2019utilisation les plus r\u00e9centes peuvent toujours \u00eatre consult\u00e9es sur le site web. La poursuite de l\u2019utilisation de Dealsourceafrica.co apr\u00e8s de tels changements constitue votre consentement \u00e0 ces changements.<\/li><\/ol><p class=\"has-black-color has-text-color\"><strong>SERVICE ET DISPONIBILIT\u00c9<\/strong><\/p><ol class=\"has-black-color has-text-color wp-block-list\" type=\"1\"><li>Dealsourceafrica.co s\u2019efforcera de fournir Dealsourceafrica.co avec le soin n\u00e9cessaire. Dealsourceafrica.co peut toutefois faire appel \u00e0 des sous-traitants ou \u00e0 des conc\u00e9dants de licence tiers pour fournir Dealsourceafrica.co.<\/li><li>Chaque utilisation de Dealsourceafrica.co se fait \u00e0 vos propres risques et sous votre propre responsabilit\u00e9. Vous acceptez que Dealsourceafrica.co, y compris le contenu, ne contienne que les fonctionnalit\u00e9s et autres caract\u00e9ristiques qu\u2019il contient au moment de votre utilisation (\u00ab\u2009en l\u2019\u00e9tat\u2009\u00bb et \u00ab\u2009tel que disponible\u2009\u00bb).<\/li><li>Dealsourceafrica.co est \u00e0 tout moment en droit, sans annonce pr\u00e9alable et sans aucune responsabilit\u00e9 envers vous\n :<br \/>- d\u2019apporter des modifications et\/ou des am\u00e9liorations proc\u00e9durales et techniques au contenu et\/ou \u00e0 Dealsourceafrica.co et<br \/>- d\u2019interrompre, de limiter ou de r\u00e9silier (temporairement ou d\u00e9finitivement). Dealsourceafrica.co ou votre compte. Dealsourceafrica.co vous informera de l\u2019indisponibilit\u00e9 temporaire ou de l\u2019utilisation restreinte de Dealsourceafrica.co dans la mesure du possible.<\/li><\/ol><p class=\"has-black-color has-text-color\"><strong>COMPTE ET ABONNEMENTS<\/strong><\/p><ol class=\"has-black-color has-text-color wp-block-list\" type=\"1\"><li>Pour utiliser Dealsourceafrica.co, vous devez cr\u00e9er un compte en suivant la proc\u00e9dure d\u2019inscription sur le site Web. Vous garantissez que toutes les informations que vous fournissez \u00e0 Dealsourceafrica.co, y compris les informations que vous fournissez lors de l\u2019inscription, sont exactes, compl\u00e8tes et \u00e0 jour \u00e0 tout moment. Vous garantissez que vous avez atteint l\u2019\u00e2ge de 18 ans.<\/li><li>Lorsque vous vous inscrivez avec succ\u00e8s sur le compte, vous recevez et\/ou cr\u00e9ez des identifiants afin d\u2019obtenir l\u2019acc\u00e8s au compte. Vous \u00eates responsable de la confidentialit\u00e9 des identifiants. D\u00e8s que vous savez ou avez des raisons de soup\u00e7onner que les identifiants ne sont plus secrets, ou que le compte est utilis\u00e9 de mani\u00e8re abusive, vous devez en informer Dealsourceafrica.co imm\u00e9diatement et prendre toutes les mesures n\u00e9cessaires pour emp\u00eacher l\u2019acc\u00e8s non autoris\u00e9. Dealsourceafrica.co n\u2019est pas responsable des pertes ou des dommages li\u00e9s \u00e0 l\u2019acc\u00e8s ou \u00e0 l\u2019utilisation non autoris\u00e9s de votre compte.<\/li><li>Un utilisateur doit obtenir des identifiants personnels pour acc\u00e9der au compte d\u2019un client. Le Client est la personne physique ou morale qui a souscrit un abonnement pour l\u2019utilisation de Dealsourceafrica.co par un nombre d\u00e9termin\u00e9 d\u2019Utilisateurs. Des identifiants distincts peuvent \u00eatre cr\u00e9\u00e9s pour autant d\u2019utilisateurs que le plan du client le permet.<\/li><li>Si l\u2019abonnement du client est r\u00e9sili\u00e9, pour quelque raison que ce soit, le droit de l\u2019utilisateur d\u2019acc\u00e9der \u00e0 Dealsourceafrica.co et\/ou de l\u2019utiliser sera r\u00e9sili\u00e9 automatiquement.<\/li><li>Il n\u2019est pas permis de :<br \/>- cr\u00e9er un compte pour une autre personne physique ou morale ;<br \/>- donner acc\u00e8s au compte d\u2019une autre personne physique ou morale ;<br \/>- cr\u00e9er plus d\u2019identifiants pour les utilisateurs du compte du client que ce qui est autoris\u00e9 par Dealsourceafrica.co<br \/>- cr\u00e9er un compte par \u00ab\u2009bot\u2009\u00bb ou toute autre m\u00e9thode automatis\u00e9e, la cr\u00e9ation de compte est uniquement autoris\u00e9e aux humains.<\/li><\/ol><p class=\"has-black-color has-text-color\"><strong>VOS OBLIGATIONS<\/strong><\/p><ol class=\"has-black-color has-text-color wp-block-list\" type=\"1\"><li>Vous ne pouvez pas revendre, distribuer ou faire du profit de quelque mani\u00e8re que ce soit en utilisant le contenu de Dealsourceafrica.co.<\/li><li>Vous n\u2019\u00eates pas autoris\u00e9 \u00e0 utiliser Dealsourceafrica.co \u00e0 des fins \u00e9num\u00e9r\u00e9es ci-dessous ou \u00e0 mettre \u00e0 disposition un contenu - y compris toutes les informations, donn\u00e9es ou mat\u00e9riels<br \/>(ci-apr\u00e8s \u00ab\u2009Contenu\u2009\u00bb) - qui, \u00e0 la discr\u00e9tion de Dealsourceafrica.co, est discriminatoire ou est autrement consid\u00e9r\u00e9 comme blessant, offensant ou inappropri\u00e9<br \/>- dans lequel des donn\u00e9es personnelles sont mises \u00e0 disposition, autrement qu\u2019en conformit\u00e9 avec la loi\n applicable;<br \/>- qui contient des virus, des chevaux de Troie, des vers, des bots ou d\u2019autres logiciels qui peuvent endommager le travail automatis\u00e9 ou le rendre inutilisable ou inaccessible ou le supprimer, ou qui peuvent se l\u2019approprier ou \nqui sont destin\u00e9s \u00e0 contourner les mesures de protection techniques de Dealsourceafrica.co et\/ou des syst\u00e8mes informatiques de Dealsourceafrica.co<br \/>-qui enfreint les droits de Dealsourceafrica\n.co et\/ou de tiers, y compris, mais sans s\u2019y limiter, les droits de propri\u00e9t\u00e9 intellectuelle ou les droits relatifs \u00e0 la protection de la vie priv\u00e9e;<br \/>qui est qualifi\u00e9 de ou transmet du mat\u00e9riel ou du contenu non d\u00e9sir\u00e9 ou non sollicit\u00e9 (spam)<br \/>- qui est contraire aux pr\u00e9sentes conditions de service ou \u00e0 toute loi ou r\u00e9glementation applicable, qui est de toute autre mani\u00e8re illicite ou qui pourrait porter atteinte aux int\u00e9r\u00eats et \u00e0 la r\u00e9putation de Dealsourceafrica.co.<\/li><li>Dealsouceafrica.co se r\u00e9serve le droit, sans pr\u00e9avis, d\u2019abr\u00e9ger, de modifier, de refuser et\/ou de supprimer le contenu si Dealsourceafrica l\u2019estime n\u00e9cessaire, sans que cela n\u2019entra\u00eene une quelconque responsabilit\u00e9.<\/li><\/ol><p class=\"has-black-color has-text-color\"><strong>PAIEMENT<\/strong><\/p><ol class=\"has-black-color has-text-color wp-block-list\" type=\"1\"><li>Si le paiement de comptes ou d\u2019autres services de Dealsourceafrica.co a \u00e9t\u00e9 convenu par le client, ce dernier doit payer les frais convenus.<\/li><li>Tous les frais sont exprim\u00e9s en GHC et\/ou en Naira et ne comprennent pas les taxes, les pr\u00e9l\u00e8vements ou les droits impos\u00e9s par les autorit\u00e9s fiscales.<\/li><li>Dealsouceafrica.co a le droit de modifier sa structure de prix, les frais factur\u00e9s aux utilisateurs de Dealsourceafrica.co et les frais qui en d\u00e9coulent \u00e0 tout moment, sans \u00eatre responsable envers les clients, et informera les clients existants de ces changements si ceux-ci affectent directement le client payeur. Si vous n\u2019\u00eates pas d\u2019accord avec les modifications des frais, vous pouvez r\u00e9silier votre compte par \u00e9crit dans les trente (30) jours suivant la notification, \u00e0 compter de la date \u00e0 laquelle l\u2019ajustement prendrait effet.<\/li><li>Les plaintes concernant Dealsourceafrica.co ou la facture ne suspendent pas ton obligation de paiement.<\/li><li>Si vous ne proc\u00e9dez pas \u00e0 des paiements complets et ponctuels, Dealsourceafrica.co a le droit de suspendre imm\u00e9diatement votre acc\u00e8s \u00e0 Dealsourceafrica.co.<\/li><li>Dealsourceafrica.co est fourni par d\u00e9faut sur une base non remboursable. Sauf accord contraire explicite, il n\u2019y aura pas de remboursement ou de cr\u00e9dit pour des mois partiels de Dealsouceafrica.co, de remboursement pour l\u2019augmentation ou la diminution du nombre d\u2019utilisateurs, de remboursement pour des mois de licence de Dealsourceafrica.co non utilis\u00e9s avec un compte activ\u00e9 ou pour l\u2019utilisation non autoris\u00e9e d\u2019un compte.<\/li><\/ol><p class=\"has-black-color has-text-color\"><strong>LES DROITS DE PROPRI\u00c9T\u00c9 INTELLECTUELLE<\/strong><\/p><ol class=\"has-black-color has-text-color wp-block-list\" type=\"1\"><li>Les droits de propri\u00e9t\u00e9 intellectuelle de Dealsourceafrica.co - y compris, mais sans s\u2019y limiter, les droits d\u2019auteur, les droits sur les bases de donn\u00e9es, les droits sur les noms commerciaux et le contenu (ci-apr\u00e8s \u00ab\u2009droits de propri\u00e9t\u00e9 intellectuelle\u2009\u00bb) - sont d\u00e9tenus par Dealsourceafrica.co ou ses conc\u00e9dants de licence. Rien dans les conditions de service n\u2019est destin\u00e9 \u00e0 transf\u00e9rer les droits de propri\u00e9t\u00e9 intellectuelle de Dealsourceafrica.co \u00e0 l\u2019utilisateur.<\/li><li>Vous conservez tous les droits de propri\u00e9t\u00e9 intellectuelle sur le contenu que vous fournissez directement \u00e0 Dealsourceafrica.co. Toutefois, en mettant \u00e0 disposition ou en t\u00e9l\u00e9chargeant du contenu sur Dealsourceafriva.co, vous accordez automatiquement \u00e0 Dealsourceafrica.co un droit gratuit, mondial, sous-licenciable et transf\u00e9rable d\u2019utiliser ce contenu dans la mesure o\u00f9 il est li\u00e9 \u00e0 Dealsourceafrica.co.<\/li><li>Vous garantissez que vous d\u00e9tenez tous les droits relatifs au contenu et que vous indemnisez pleinement Dealsourceafrica.co en cas de r\u00e9clamation pour violation du contenu.<\/li><li>Sauf dans la mesure o\u00f9 cela est autoris\u00e9 par une loi statutaire imp\u00e9rative, vous ne pouvez pas reproduire ou d\u00e9compiler le contenu ou y appliquer une ing\u00e9nierie inverse. En outre, la suppression et\/ou le contournement des mesures de s\u00e9curit\u00e9 ou des limitations techniques (\u00e0 l\u2019utilisation) de Dealsourceafrica.co n\u2019est pas autoris\u00e9.<\/li><\/ol><p class=\"has-black-color has-text-color\"><strong>CONDITIONS ET R\u00c9SILIATION<\/strong><\/p><ol class=\"has-black-color has-text-color wp-block-list\" type=\"1\"><li>Votre compte est ouvert pour une dur\u00e9e ind\u00e9termin\u00e9e. Vous pouvez r\u00e9silier votre compte \u00e0 tout moment. Une question simple sera pos\u00e9e avant de poursuivre. Vous \u00eates seul responsable de l\u2019annulation correcte de votre compte. Une demande d\u2019annulation de votre compte par courriel ou par t\u00e9l\u00e9phone n\u2019est pas consid\u00e9r\u00e9e comme une annulation.<\/li><li>Si vous \u00eates un abonn\u00e9, vous devez donner un pr\u00e9avis de trente (30) jours de votre intention de r\u00e9silier.<\/li><li>Si le compte est r\u00e9sili\u00e9, il n\u2019y aura pas d\u2019annulation de ce que Dealsourceafrica.co a d\u00e9j\u00e0 livr\u00e9 ni de l\u2019obligation de paiement qui en d\u00e9coule. Vous ne recevrez aucun remboursement \u00e0 la suite de la r\u00e9siliation.<\/li><li>En cas de r\u00e9siliation du compte, Dealsourceafrica.co rendra imm\u00e9diatement le compte inaccessible. Dealsourceafrica.co peut supprimer le contenu enregistr\u00e9 dans le syst\u00e8me et n\u2019a aucune obligation de restaurer le contenu ou d\u2019aider \u00e0 la conversion des donn\u00e9es.<\/li><li>Dealsourceafrica.co peut, sans pr\u00e9avis et sans responsabilit\u00e9 envers vous, r\u00e9silier votre compte avec effet imm\u00e9diat si<br \/>- vous ne remplissez pas vos obligations de paiement ; ou<br \/>- vous violez de quelque mani\u00e8re que ce soit les pr\u00e9sentes conditions d\u2019utilisation.<\/li><\/ol><p class=\"has-black-color has-text-color\"><strong>PASSIF<\/strong><\/p><ol class=\"has-black-color has-text-color wp-block-list\" type=\"1\"><li>Dealsourceafrica n\u2019accepte aucune responsabilit\u00e9 pour les dommages r\u00e9sultant d\u2019une d\u00e9faillance imputable \u00e0 Dealsourceafrica.co et\/ou en raison d\u2019un acte ill\u00e9gal ou autre, dans la mesure o\u00f9 cela est autoris\u00e9 par le droit imp\u00e9ratif.<\/li><li>Si Dealsourceafrica est responsable d\u2019un dommage \u00e0 quelque titre que ce soit, Dealsourceafrica ne sera responsable que des dommages directs subis par toi jusqu\u2019\u00e0 un montant ne d\u00e9passant pas celui de tes paiements \u00e0 Dealsourceafrica.co dans les trois (3) mois pr\u00e9c\u00e9dant l\u2019\u00e9v\u00e9nement qui a caus\u00e9 le dommage.<\/li><li>Toute responsabilit\u00e9 de Dealsourceafrica pour les pertes indirectes, y compris, mais sans s\u2019y limiter, les pertes cons\u00e9cutives, les pertes et\/ou dommages de donn\u00e9es, les pertes de profits et de revenus, les pertes d\u2019\u00e9conomies, la diminution de la bonne volont\u00e9, les dommages dus \u00e0 l\u2019interruption des activit\u00e9s et les dommages r\u00e9sultant de r\u00e9clamations de tiers, est exclue.<\/li><li>Les restrictions mentionn\u00e9es dans les paragraphes pr\u00e9c\u00e9dents du pr\u00e9sent article deviennent caduques si et dans la mesure o\u00f9 le dommage est le r\u00e9sultat d\u2019une intention ou d\u2019une imprudence d\u00e9lib\u00e9r\u00e9e de la part de Dealsourceafrica.co ou de ses gestionnaires (\u00ab\u2009actions propres\u2009\u00bb).<\/li><li>Aucun droit \u00e0 des dommages-int\u00e9r\u00eats n\u2019existera \u00e0 moins que vous ne notifiiez Dealsourceafrica.co par \u00e9crit du dommage rapidement apr\u00e8s qu\u2019il soit survenu. Toute demande de dommages et int\u00e9r\u00eats \u00e0 l\u2019encontre de Dealsourceafrica.co s\u2019\u00e9teint par le simple \u00e9coulement d\u2019un (1) mois apr\u00e8s la naissance de la demande.<\/li><li>Dealsourceafrica est lib\u00e9r\u00e9e de toute obligation contractuelle et de toute responsabilit\u00e9 (par exemple pour des dommages) si l\u2019ex\u00e9cution de Dealsourceafrica est emp\u00each\u00e9e ou affect\u00e9e par un cas de force majeure ou un cas de force majeure du sous-traitant de Dealsourceafrica.<\/li><\/ol><p class=\"has-black-color has-text-color\"><strong>GARANTIES ET INDEMNISATIONS<\/strong><\/p><ol class=\"has-black-color has-text-color wp-block-list\" type=\"1\"><li>Les \u00e9num\u00e9rations de garanties et d\u2019indemnisations figurant dans le pr\u00e9sent article ne sont pas exhaustives.<\/li><li>Dealsourceafrica.co ne garantit pas:<br \/>- l\u2019ad\u00e9quation de Dealsourceafrica.co \u00e0 un usage particulier ou que Dealsourceafrica.co r\u00e9pondra \u00e0 vos exigences<br \/>- que Dealsourceafrica.co sera disponible pour vous \u00e0 tout moment et sans interruption ou perturbation<br \/>- que les r\u00e9sultats de Dealsourceafrica.co sont exacts, \u00e0 jour ou complets; ou<br \/>-\n que Dealsourceafrica.co n\u2019enfreint pas vos droits (de propri\u00e9t\u00e9 intellectuelle) ou ceux d\u2019une tierce partie<\/li><li>Dealsourceafrica.co n\u2019est pas responsable :<br \/>- de\n l\u2019achat et\/ou du bon fonctionnement de votre infrastructure<br \/>- de la perte, des dommages, de l\u2019inexactitude et\/ou du caract\u00e8re incomplet de tout contenu<br \/>- des erreurs de transmission, des dysfonctionnements ou de la non-disponibilit\u00e9 des installations informatiques, de donn\u00e9es ou de t\u00e9l\u00e9communications, y compris l\u2019Internet<br \/>- de toute utilisation ou tentative d\u2019utilisation non autoris\u00e9e de Dealsourceafrica.co<br \/>de la \nr\u00e9alisation de copies de sauvegarde de tout contenu<br \/>de la gestion, y compris la v\u00e9rification des param\u00e8tres, de l\u2019utilisation de Dealsourceafrica.co, et de la mani\u00e8re dont les r\u00e9sultats de Dealroom.co sont utilis\u00e9s.<\/li><li>Vous garantissez que vous n\u2019utiliserez pas Dealsourceafrica.co et\/ou le contenu d\u2019une mani\u00e8re qui : porte atteinte aux droits de Dealsourceafrica.co ou de tiers, y compris, mais sans s\u2019y limiter, les droits de propri\u00e9t\u00e9 intellectuelle ou les droits relatifs \u00e0 la protection de la vie priv\u00e9e ; est contraire \u00e0 toute l\u00e9gislation ou r\u00e9glementation en vigueur, ou est contraire \u00e0 toute disposition des pr\u00e9sentes conditions d\u2019utilisation.<\/li><li>Vous garantissez que, si vous enregistrez un compte au nom d\u2019une soci\u00e9t\u00e9 ou d\u2019une autre entit\u00e9 juridique, vous avez le pouvoir de lier cette entit\u00e9, ses affili\u00e9s et tous les utilisateurs qui acc\u00e8dent \u00e0 Dealsourceafrica.co par l\u2019interm\u00e9diaire de votre compte aux pr\u00e9sentes conditions de service. Vous indemnisez Dealsourceafrica.co de tous les dommages et co\u00fbts qu\u2019elle encourt et qui r\u00e9sultent d\u2019un enregistrement non autoris\u00e9.<\/li><li>Vous indemnisez Dealsourceafrica.co de tous les dommages et co\u00fbts, y compris, mais sans s\u2019y limiter, les dommages r\u00e9sultant de violations (pr\u00e9sum\u00e9es) des droits de propri\u00e9t\u00e9 intellectuelle, les r\u00e9clamations de tiers, les frais de recouvrement, les int\u00e9r\u00eats commerciaux l\u00e9gaux, le manque \u00e0 gagner, les p\u00e9nalit\u00e9s encourues et les frais de justice, que Dealsourceafrica.co subit ou qui r\u00e9sultent (i) d\u2019une violation imputable aux conditions de service de votre part, (ii) de toute utilisation de Dealsourceafrica.co par vous ou (iii) d\u2019un acte ill\u00e9gal.<\/li><\/ol><p class=\"has-black-color has-text-color\"><strong>NOUS CONTACTER<\/strong><\/p><p class=\"has-black-color has-text-color\">Si vous avez des questions ou des commentaires, veuillez nous les envoyer \u00e0 l\u2019adresse suivante : contact@dealsourceafrica.co.<\/p><p><!--a=1--><\/p><p><!--a=1--><\/p><!--a=1-->\t\t\t\t\t\t\t\t<\/div>\n\t\t\t\t<\/div>\n\t\t\t\t\t<\/div>\n\t\t\t\t<\/div>\n\t\t\t\t<\/div>","protected":false},"excerpt":{"rendered":"<p>INTRODUCTION These terms and conditions apply to the use of Deal Source Africa. Please read these terms carefully before using [&hellip;]<\/p>","protected":false},"author":1,"featured_media":0,"parent":0,"menu_order":0,"comment_status":"closed","ping_status":"closed","template":"","meta":{"_acf_changed":false,"site-sidebar-layout":"no-sidebar","site-content-layout":"","ast-site-content-layout":"full-width-container","site-content-style":"default","site-sidebar-style":"default","ast-global-header-display":"","ast-banner-title-visibility":"","ast-main-header-display":"","ast-hfb-above-header-display":"","ast-hfb-below-header-display":"","ast-hfb-mobile-header-display":"","site-post-title":"disabled","ast-breadcrumbs-content":"","ast-featured-img":"disabled","footer-sml-layout":"","ast-disable-related-posts":"","theme-transparent-header-meta":"","adv-header-id-meta":"","stick-header-meta":"","header-above-stick-meta":"","header-main-stick-meta":"","header-below-stick-meta":"","astra-migrate-meta-layouts":"default","ast-page-background-enabled":"default","ast-page-background-meta":{"desktop":{"background-color":"var(--ast-global-color-5)","background-image":"","background-repeat":"repeat","background-position":"center center","background-size":"auto","background-attachment":"scroll","background-type":"","background-media":"","overlay-type":"","overlay-color":"","overlay-opacity":"","overlay-gradient":""},"tablet":{"background-color":"","background-image":"","background-repeat":"repeat","background-position":"center center","background-size":"auto","background-attachment":"scroll","background-type":"","background-media":"","overlay-type":"","overlay-color":"","overlay-opacity":"","overlay-gradient":""},"mobile":{"background-color":"","background-image":"","background-repeat":"repeat","background-position":"center center","background-size":"auto","background-attachment":"scroll","background-type":"","background-media":"","overlay-type":"","overlay-color":"","overlay-opacity":"","overlay-gradient":""}},"ast-content-background-meta":{"desktop":{"background-color":"var(--ast-global-color-4)","background-image":"","background-repeat":"repeat","background-position":"center center","background-size":"auto","background-attachment":"scroll","background-type":"","background-media":"","overlay-type":"","overlay-color":"","overlay-opacity":"","overlay-gradient":""},"tablet":{"background-color":"var(--ast-global-color-4)","background-image":"","background-repeat":"repeat","background-position":"center center","background-size":"auto","background-attachment":"scroll","background-type":"","background-media":"","overlay-type":"","overlay-color":"","overlay-opacity":"","overlay-gradient":""},"mobile":{"background-color":"var(--ast-global-color-4)","background-image":"","background-repeat":"repeat","background-position":"center center","background-size":"auto","background-attachment":"scroll","background-type":"","background-media":"","overlay-type":"","overlay-color":"","overlay-opacity":"","overlay-gradient":""}},"footnotes":""},"class_list":["post-190","page","type-page","status-publish","hentry"],"acf":[],"_links":{"self":[{"href":"https:\/\/staging.dealsourceafrica.co\/fr\/wp-json\/wp\/v2\/pages\/190","targetHints":{"allow":["GET"]}}],"collection":[{"href":"https:\/\/staging.dealsourceafrica.co\/fr\/wp-json\/wp\/v2\/pages"}],"about":[{"href":"https:\/\/staging.dealsourceafrica.co\/fr\/wp-json\/wp\/v2\/types\/page"}],"author":[{"embeddable":true,"href":"https:\/\/staging.dealsourceafrica.co\/fr\/wp-json\/wp\/v2\/users\/1"}],"replies":[{"embeddable":true,"href":"https:\/\/staging.dealsourceafrica.co\/fr\/wp-json\/wp\/v2\/comments?post=190"}],"version-history":[{"count":0,"href":"https:\/\/staging.dealsourceafrica.co\/fr\/wp-json\/wp\/v2\/pages\/190\/revisions"}],"wp:attachment":[{"href":"https:\/\/staging.dealsourceafrica.co\/fr\/wp-json\/wp\/v2\/media?parent=190"}],"curies":[{"name":"wp","href":"https:\/\/api.w.org\/{rel}","templated":true}]}}