{"id":197,"date":"2025-06-21T17:22:23","date_gmt":"2025-06-21T17:22:23","guid":{"rendered":"https:\/\/rebuild.dealsourceafrica.co\/?page_id=197"},"modified":"2025-10-28T02:23:15","modified_gmt":"2025-10-28T02:23:15","slug":"transaction-advisors","status":"publish","type":"page","link":"https:\/\/staging.dealsourceafrica.co\/fr\/transaction-advisors\/","title":{"rendered":"Conseillers en transactions"},"content":{"rendered":"<div data-elementor-type=\"wp-page\" data-elementor-id=\"197\" class=\"elementor elementor-197\" data-elementor-post-type=\"page\">\n\t\t\t\t\t\t<section class=\"has_ae_slider elementor-section elementor-top-section elementor-element elementor-element-dc5cb7e elementor-reverse-mobile elementor-section-boxed elementor-section-height-default elementor-section-height-default ae-bg-gallery-type-default\" data-id=\"dc5cb7e\" data-element_type=\"section\" data-settings=\"{&quot;background_background&quot;:&quot;classic&quot;}\">\n\t\t\t\t\t\t<div class=\"elementor-container elementor-column-gap-default\">\n\t\t\t\t\t<div class=\"has_ae_slider elementor-column elementor-col-100 elementor-top-column elementor-element elementor-element-b7865d6 ae-bg-gallery-type-default elementor-invisible\" data-id=\"b7865d6\" data-element_type=\"column\" data-settings=\"{&quot;animation&quot;:&quot;slideInLeft&quot;}\">\n\t\t\t<div class=\"elementor-widget-wrap elementor-element-populated\">\n\t\t\t\t\t\t<div class=\"elementor-element elementor-element-d13c55f elementor-widget elementor-widget-heading\" data-id=\"d13c55f\" data-element_type=\"widget\" data-widget_type=\"heading.default\">\n\t\t\t\t<div class=\"elementor-widget-container\">\n\t\t\t\t\t<h2 class=\"elementor-heading-title elementor-size-default\">Conseillers en transactions<\/h2>\t\t\t\t<\/div>\n\t\t\t\t<\/div>\n\t\t\t\t<div class=\"elementor-element elementor-element-d0fe873 elementor-widget elementor-widget-text-editor\" data-id=\"d0fe873\" data-element_type=\"widget\" data-widget_type=\"text-editor.default\">\n\t\t\t\t<div class=\"elementor-widget-container\">\n\t\t\t\t\t\t\t\t\t<p><span style=\"font-size: 12pt; font-family: Arial, sans-serif; color: #222222; background-color: transparent; font-variant-numeric: normal; font-variant-east-asian: normal; font-variant-alternates: normal; vertical-align: baseline; white-space-collapse: preserve;\">En Afrique, les PME sont g\u00e9n\u00e9ralement confront\u00e9es \u00e0 un \u00ab\u2009d\u00e9ficit de pr\u00e9paration \u00e0 l\u2019investissement\u2009\u00bb et ont besoin d\u2019un soutien important pour faire la preuve de la force de leur proposition de valeur, de leur \u00e9quipe de gestion, de leur planification commerciale et financi\u00e8re, ainsi que de leur performance commerciale responsable et des capacit\u00e9s requises par les fonds de capital-investissement et de capital-risque. Les services de conseil en mati\u00e8re de transactions, notamment dans les domaines financier, juridique, de la gouvernance d\u2019entreprise, ainsi que sur le plan environnemental et social, sont essentiels pour pr\u00e9parer les entreprises \u00e0 l\u2019investissement et pour soutenir les performances apr\u00e8s l\u2019investissement. Toutefois, tr\u00e8s peu nombreux sont les conseillers qui offrent des services de conseil et de pr\u00e9paration \u00e0 l\u2019investissement de qualit\u00e9, \u00e0 prix abordable et en ad\u00e9quation avec les exigences des gestionnaires de fonds.<\/span><\/p><p><span style=\"background-color: transparent; color: #222222; font-family: Arial, sans-serif; font-size: 12pt; white-space-collapse: preserve; text-align: var(--bs-body-text-align);\">Deal Source Africa se concentre sur l\u2019am\u00e9lioration de la coh\u00e9rence entre les services de conseil en mati\u00e8re de transactions et les exigences des investisseurs dans les domaines suivants : 1) la cartographie des conseillers en transactions\u2009; 2) les outils et le renforcement des capacit\u00e9s\u2009; 3) les \u00e9v\u00e9nements de mise en relation et de r\u00e9seautage. <\/span><span style=\"background-color: transparent; color: #222222; font-family: Arial, sans-serif; font-size: 12pt; white-space-collapse: preserve; text-align: var(--bs-body-text-align);\">These activities are aimed at improving the availability of quality, affordable transaction advisory and investment preparedness in line with fund manager requirements. <\/span><\/p>\t\t\t\t\t\t\t\t<\/div>\n\t\t\t\t<\/div>\n\t\t\t\t\t<\/div>\n\t\t<\/div>\n\t\t\t\t\t<\/div>\n\t\t<\/section>\n\t\t<div class=\"has_ae_slider elementor-element elementor-element-ff990d3 e-flex e-con-boxed ae-bg-gallery-type-default e-con e-parent\" data-id=\"ff990d3\" data-element_type=\"container\" data-settings=\"{&quot;background_background&quot;:&quot;classic&quot;}\">\n\t\t\t\t\t<div class=\"e-con-inner\">\n\t\t<div class=\"has_ae_slider elementor-element elementor-element-24dcb83 e-con-full e-flex ae-bg-gallery-type-default e-con e-child\" data-id=\"24dcb83\" data-element_type=\"container\">\n\t\t\t\t<div class=\"elementor-element elementor-element-3857d55 elementor-widget elementor-widget-image\" data-id=\"3857d55\" data-element_type=\"widget\" data-widget_type=\"image.default\">\n\t\t\t\t<div class=\"elementor-widget-container\">\n\t\t\t\t\t\t\t\t\t\t\t\t\t\t\t<img fetchpriority=\"high\" decoding=\"async\" width=\"1024\" height=\"620\" src=\"https:\/\/staging.dealsourceafrica.co\/wp-content\/uploads\/2025\/06\/IMG_9584-2-scaled-1-1024x620.jpg\" class=\"attachment-large size-large wp-image-200\" alt=\"\" srcset=\"https:\/\/staging.dealsourceafrica.co\/wp-content\/uploads\/2025\/06\/IMG_9584-2-scaled-1-1024x620.jpg 1024w, https:\/\/staging.dealsourceafrica.co\/wp-content\/uploads\/2025\/06\/IMG_9584-2-scaled-1-300x182.jpg 300w, https:\/\/staging.dealsourceafrica.co\/wp-content\/uploads\/2025\/06\/IMG_9584-2-scaled-1-768x465.jpg 768w, https:\/\/staging.dealsourceafrica.co\/wp-content\/uploads\/2025\/06\/IMG_9584-2-scaled-1-1536x929.jpg 1536w, https:\/\/staging.dealsourceafrica.co\/wp-content\/uploads\/2025\/06\/IMG_9584-2-scaled-1-2048x1239.jpg 2048w\" sizes=\"(max-width: 1024px) 100vw, 1024px\" \/>\t\t\t\t\t\t\t\t\t\t\t\t\t\t\t<\/div>\n\t\t\t\t<\/div>\n\t\t\t\t<\/div>\n\t\t<div class=\"has_ae_slider elementor-element elementor-element-86d5f75 e-con-full e-flex ae-bg-gallery-type-default e-con e-child\" data-id=\"86d5f75\" data-element_type=\"container\">\n\t\t\t\t<div class=\"elementor-element elementor-element-c69f646 elementor-widget elementor-widget-image\" data-id=\"c69f646\" data-element_type=\"widget\" data-widget_type=\"image.default\">\n\t\t\t\t<div class=\"elementor-widget-container\">\n\t\t\t\t\t\t\t\t\t\t\t\t\t\t\t<img decoding=\"async\" width=\"1024\" height=\"676\" src=\"https:\/\/staging.dealsourceafrica.co\/wp-content\/uploads\/2025\/06\/IMG_9554-2-2-1024x676.jpg\" class=\"attachment-large size-large wp-image-209\" alt=\"\" srcset=\"https:\/\/staging.dealsourceafrica.co\/wp-content\/uploads\/2025\/06\/IMG_9554-2-2-1024x676.jpg 1024w, https:\/\/staging.dealsourceafrica.co\/wp-content\/uploads\/2025\/06\/IMG_9554-2-2-300x198.jpg 300w, https:\/\/staging.dealsourceafrica.co\/wp-content\/uploads\/2025\/06\/IMG_9554-2-2-768x507.jpg 768w, https:\/\/staging.dealsourceafrica.co\/wp-content\/uploads\/2025\/06\/IMG_9554-2-2-1536x1014.jpg 1536w\" sizes=\"(max-width: 1024px) 100vw, 1024px\" \/>\t\t\t\t\t\t\t\t\t\t\t\t\t\t\t<\/div>\n\t\t\t\t<\/div>\n\t\t\t\t<\/div>\n\t\t\t\t\t<\/div>\n\t\t\t\t<\/div>\n\t\t\t\t<section class=\"has_ae_slider elementor-section elementor-top-section elementor-element elementor-element-ee3b9f5 elementor-section-boxed elementor-section-height-default elementor-section-height-default ae-bg-gallery-type-default\" data-id=\"ee3b9f5\" data-element_type=\"section\" data-settings=\"{&quot;background_background&quot;:&quot;classic&quot;}\">\n\t\t\t\t\t\t<div class=\"elementor-container elementor-column-gap-default\">\n\t\t\t\t\t<div class=\"has_ae_slider elementor-column elementor-col-100 elementor-top-column elementor-element elementor-element-4d15c69 ae-bg-gallery-type-default\" data-id=\"4d15c69\" data-element_type=\"column\">\n\t\t\t<div class=\"elementor-widget-wrap elementor-element-populated\">\n\t\t\t\t\t\t<div class=\"elementor-element elementor-element-e8b33a9 elementor-widget elementor-widget-text-editor\" data-id=\"e8b33a9\" data-element_type=\"widget\" data-widget_type=\"text-editor.default\">\n\t\t\t\t<div class=\"elementor-widget-container\">\n\t\t\t\t\t\t\t\t\t<p><br><br>Impact Investing Ghana (IIGh), en partenariat avec le Ghana Investment Support Programme financ\u00e9 par British International Investment (BII), a d\u00e9velopp\u00e9 ce projet afin d\u2019accro\u00eetre les capacit\u00e9s des gestionnaires de fonds et des conseillers en transactions au Ghana. L\u2019objectif du programme est de r\u00e9unir les conseillers en transactions du Ghana et de leur donner les moyens de fournir des services de haute qualit\u00e9, \u00e0 un prix abordable et en ad\u00e9quation avec les exigences des gestionnaires de fonds.<\/p>\t\t\t\t\t\t\t\t<\/div>\n\t\t\t\t<\/div>\n\t\t\t\t\t<\/div>\n\t\t<\/div>\n\t\t\t\t\t<\/div>\n\t\t<\/section>\n\t\t\t\t<section class=\"has_ae_slider elementor-section elementor-top-section elementor-element elementor-element-030056c elementor-reverse-mobile elementor-section-boxed elementor-section-height-default elementor-section-height-default ae-bg-gallery-type-default\" data-id=\"030056c\" data-element_type=\"section\" data-settings=\"{&quot;background_background&quot;:&quot;classic&quot;}\">\n\t\t\t\t\t\t<div class=\"elementor-container elementor-column-gap-default\">\n\t\t\t\t\t<div class=\"has_ae_slider elementor-column elementor-col-100 elementor-top-column elementor-element elementor-element-28cc402 ae-bg-gallery-type-default elementor-invisible\" data-id=\"28cc402\" data-element_type=\"column\" data-settings=\"{&quot;animation&quot;:&quot;slideInLeft&quot;}\">\n\t\t\t<div class=\"elementor-widget-wrap elementor-element-populated\">\n\t\t\t\t\t\t<div class=\"elementor-element elementor-element-1e0abde elementor-widget elementor-widget-heading\" data-id=\"1e0abde\" data-element_type=\"widget\" data-widget_type=\"heading.default\">\n\t\t\t\t<div class=\"elementor-widget-container\">\n\t\t\t\t\t<h2 class=\"elementor-heading-title elementor-size-default\">Participer \u00e0 ceci vous int\u00e9resse\u2009?<\/h2>\t\t\t\t<\/div>\n\t\t\t\t<\/div>\n\t\t\t\t<div class=\"elementor-element elementor-element-dfc2c00 elementor-widget elementor-widget-text-editor\" data-id=\"dfc2c00\" data-element_type=\"widget\" data-widget_type=\"text-editor.default\">\n\t\t\t\t<div class=\"elementor-widget-container\">\n\t\t\t\t\t\t\t\t\t<p dir=\"ltr\" style=\"line-height: 1.38; background-color: #ffffff; margin-top: 12pt; margin-bottom: 0pt;\"><span style=\"font-size: 12pt; font-family: Arial,sans-serif; color: #222222; background-color: transparent; font-weight: 400; font-style: normal; font-variant: normal; text-decoration: none; vertical-align: baseline; white-space: pre-wrap;\">Pour en savoir plus sur le programme de Conseillers en transactions du Ghana et vous inscrire \u00e0 une formation ou pour figurer dans l\u2019annuaire des conseillers en transactions.<\/span><\/p>\t\t\t\t\t\t\t\t<\/div>\n\t\t\t\t<\/div>\n\t\t\t\t<section class=\"has_ae_slider elementor-section elementor-inner-section elementor-element elementor-element-5839113 elementor-section-boxed elementor-section-height-default elementor-section-height-default ae-bg-gallery-type-default\" data-id=\"5839113\" data-element_type=\"section\">\n\t\t\t\t\t\t<div class=\"elementor-container elementor-column-gap-default\">\n\t\t\t\t\t<div class=\"has_ae_slider elementor-column elementor-col-50 elementor-inner-column elementor-element elementor-element-150a932 ae-bg-gallery-type-default\" data-id=\"150a932\" data-element_type=\"column\">\n\t\t\t<div class=\"elementor-widget-wrap elementor-element-populated\">\n\t\t\t\t\t\t<div class=\"elementor-element elementor-element-9640d9b elementor-mobile-align-justify elementor-tablet-align-justify elementor-align-right elementor-widget elementor-widget-button\" data-id=\"9640d9b\" data-element_type=\"widget\" data-widget_type=\"button.default\">\n\t\t\t\t<div class=\"elementor-widget-container\">\n\t\t\t\t\t\t\t\t\t<div class=\"elementor-button-wrapper\">\n\t\t\t\t\t<a class=\"elementor-button elementor-button-link elementor-size-sm\" href=\"https:\/\/staging.dealsourceafrica.co\/fr\/transaction-advisors-list\/\">\n\t\t\t\t\t\t<span class=\"elementor-button-content-wrapper\">\n\t\t\t\t\t\t\t\t\t<span class=\"elementor-button-text\">Consulter l\u2019annuaire<\/span>\n\t\t\t\t\t<\/span>\n\t\t\t\t\t<\/a>\n\t\t\t\t<\/div>\n\t\t\t\t\t\t\t\t<\/div>\n\t\t\t\t<\/div>\n\t\t\t\t\t<\/div>\n\t\t<\/div>\n\t\t\t\t<div class=\"has_ae_slider elementor-column elementor-col-50 elementor-inner-column elementor-element elementor-element-8485e80 ae-bg-gallery-type-default\" data-id=\"8485e80\" data-element_type=\"column\">\n\t\t\t<div class=\"elementor-widget-wrap elementor-element-populated\">\n\t\t\t\t\t\t<div class=\"elementor-element elementor-element-a7e5e56 elementor-mobile-align-justify elementor-tablet-align-justify elementor-align-left elementor-widget elementor-widget-button\" data-id=\"a7e5e56\" data-element_type=\"widget\" data-widget_type=\"button.default\">\n\t\t\t\t<div class=\"elementor-widget-container\">\n\t\t\t\t\t\t\t\t\t<div class=\"elementor-button-wrapper\">\n\t\t\t\t\t<a class=\"elementor-button elementor-button-link elementor-size-sm\" href=\"https:\/\/docs.google.com\/forms\/d\/1BMAhaKNJiEVNH-NgwJwYoaYn4SBuHroYODFk7v7HizY\/edit\">\n\t\t\t\t\t\t<span class=\"elementor-button-content-wrapper\">\n\t\t\t\t\t\t\t\t\t<span class=\"elementor-button-text\">S\u2019enregistrer ici<\/span>\n\t\t\t\t\t<\/span>\n\t\t\t\t\t<\/a>\n\t\t\t\t<\/div>\n\t\t\t\t\t\t\t\t<\/div>\n\t\t\t\t<\/div>\n\t\t\t\t\t<\/div>\n\t\t<\/div>\n\t\t\t\t\t<\/div>\n\t\t<\/section>\n\t\t\t\t\t<\/div>\n\t\t<\/div>\n\t\t\t\t\t<\/div>\n\t\t<\/section>\n\t\t\t\t<\/div>","protected":false},"excerpt":{"rendered":"<p>Transaction Advisors In Africa, SMEs are typically challenged by an \u2018investment readiness gap\u2019 and require significant support to demonstrate a [&hellip;]<\/p>","protected":false},"author":1,"featured_media":0,"parent":0,"menu_order":0,"comment_status":"closed","ping_status":"closed","template":"","meta":{"_acf_changed":false,"site-sidebar-layout":"no-sidebar","site-content-layout":"","ast-site-content-layout":"full-width-container","site-content-style":"default","site-sidebar-style":"default","ast-global-header-display":"","ast-banner-title-visibility":"","ast-main-header-display":"","ast-hfb-above-header-display":"","ast-hfb-below-header-display":"","ast-hfb-mobile-header-display":"","site-post-title":"disabled","ast-breadcrumbs-content":"","ast-featured-img":"disabled","footer-sml-layout":"","ast-disable-related-posts":"","theme-transparent-header-meta":"","adv-header-id-meta":"","stick-header-meta":"","header-above-stick-meta":"","header-main-stick-meta":"","header-below-stick-meta":"","astra-migrate-meta-layouts":"default","ast-page-background-enabled":"default","ast-page-background-meta":{"desktop":{"background-color":"var(--ast-global-color-5)","background-image":"","background-repeat":"repeat","background-position":"center center","background-size":"auto","background-attachment":"scroll","background-type":"","background-media":"","overlay-type":"","overlay-color":"","overlay-opacity":"","overlay-gradient":""},"tablet":{"background-color":"","background-image":"","background-repeat":"repeat","background-position":"center center","background-size":"auto","background-attachment":"scroll","background-type":"","background-media":"","overlay-type":"","overlay-color":"","overlay-opacity":"","overlay-gradient":""},"mobile":{"background-color":"","background-image":"","background-repeat":"repeat","background-position":"center center","background-size":"auto","background-attachment":"scroll","background-type":"","background-media":"","overlay-type":"","overlay-color":"","overlay-opacity":"","overlay-gradient":""}},"ast-content-background-meta":{"desktop":{"background-color":"var(--ast-global-color-4)","background-image":"","background-repeat":"repeat","background-position":"center center","background-size":"auto","background-attachment":"scroll","background-type":"","background-media":"","overlay-type":"","overlay-color":"","overlay-opacity":"","overlay-gradient":""},"tablet":{"background-color":"var(--ast-global-color-4)","background-image":"","background-repeat":"repeat","background-position":"center center","background-size":"auto","background-attachment":"scroll","background-type":"","background-media":"","overlay-type":"","overlay-color":"","overlay-opacity":"","overlay-gradient":""},"mobile":{"background-color":"var(--ast-global-color-4)","background-image":"","background-repeat":"repeat","background-position":"center center","background-size":"auto","background-attachment":"scroll","background-type":"","background-media":"","overlay-type":"","overlay-color":"","overlay-opacity":"","overlay-gradient":""}},"footnotes":""},"class_list":["post-197","page","type-page","status-publish","hentry"],"acf":[],"_links":{"self":[{"href":"https:\/\/staging.dealsourceafrica.co\/fr\/wp-json\/wp\/v2\/pages\/197","targetHints":{"allow":["GET"]}}],"collection":[{"href":"https:\/\/staging.dealsourceafrica.co\/fr\/wp-json\/wp\/v2\/pages"}],"about":[{"href":"https:\/\/staging.dealsourceafrica.co\/fr\/wp-json\/wp\/v2\/types\/page"}],"author":[{"embeddable":true,"href":"https:\/\/staging.dealsourceafrica.co\/fr\/wp-json\/wp\/v2\/users\/1"}],"replies":[{"embeddable":true,"href":"https:\/\/staging.dealsourceafrica.co\/fr\/wp-json\/wp\/v2\/comments?post=197"}],"version-history":[{"count":0,"href":"https:\/\/staging.dealsourceafrica.co\/fr\/wp-json\/wp\/v2\/pages\/197\/revisions"}],"wp:attachment":[{"href":"https:\/\/staging.dealsourceafrica.co\/fr\/wp-json\/wp\/v2\/media?parent=197"}],"curies":[{"name":"wp","href":"https:\/\/api.w.org\/{rel}","templated":true}]}}